{"id":34,"date":"2026-03-08T16:52:42","date_gmt":"2026-03-08T16:52:42","guid":{"rendered":"https:\/\/eaststep.com\/impressum\/"},"modified":"2026-04-09T03:37:32","modified_gmt":"2026-04-09T03:37:32","slug":"impressum","status":"publish","type":"page","link":"https:\/\/eaststep.com\/en\/impressum\/","title":{"rendered":"Impressum"},"content":{"rendered":"<div class=\"wp-block-group alignfull is-style-ext-preset--group--natural-1--section has-background-background-color has-background has-global-padding is-layout-constrained wp-container-core-group-is-layout-6150fac0 wp-block-group-is-layout-constrained\" style=\"margin-top:0;margin-bottom:0;padding-top:var(--wp--preset--spacing--70);padding-bottom:var(--wp--preset--spacing--70)\">\n<p class=\"ext-animate--on\"><strong>Wichtiger Hinweis: Diese Impressum-Vorlage wurde mit gr\u00f6\u00dfter Sorgfalt erstellt. Dennoch \u00fcbernehmen wir keine Gew\u00e4hr f\u00fcr die Vollst\u00e4ndigkeit und Richtigkeit der Inhalte sowie f\u00fcr deren Rechtssicherheit. Es liegt in der Verantwortung des Nutzers, die Vorlage eigenst\u00e4ndig an die jeweils geltenden gesetzlichen Bestimmungen anzupassen und auf ihre Aktualit\u00e4t zu pr\u00fcfen. Eine Haftung f\u00fcr Sch\u00e4den, die direkt oder indirekt aus der Nutzung dieser Vorlage entstehen, wird ausgeschlossen.<\/strong> <br><br> <strong>Website-Betreiber:<\/strong><br> EastStep HK Limited<br> Unit 2A, 17\/F, Glenealy Tower<br> Central<br>Hong Kong S.A.R<br><br> <strong>Kontaktinformationen:<\/strong><br> Telefon: +852 2139 5277<br> E-Mail: info@eaststep.com.hk<br> Website: www.eaststep.com.hk<br><br> <strong>Vertretungsberechtigte Person:<\/strong><br> Dirk Meissner<br> Managing Partner<br><br> <strong>Unternehmensregistrierung:<\/strong><br> HK Business Registration Number: 52917348<br> <br><br> <strong>Letzte Aktualisierung:<\/strong><br> 09.04.2026<\/p>\n<\/div>","protected":false},"excerpt":{"rendered":"<p>Wichtiger Hinweis: Diese Impressum-Vorlage wurde mit gr\u00f6\u00dfter Sorgfalt erstellt. Dennoch \u00fcbernehmen wir keine Gew\u00e4hr f\u00fcr die Vollst\u00e4ndigkeit und Richtigkeit der Inhalte sowie f\u00fcr deren Rechtssicherheit. Es liegt in der Verantwortung des Nutzers, die Vorlage eigenst\u00e4ndig an die jeweils geltenden gesetzlichen Bestimmungen anzupassen und auf ihre Aktualit\u00e4t zu pr\u00fcfen. Eine Haftung f\u00fcr Sch\u00e4den, die direkt oder [&hellip;]<\/p>\n","protected":false},"author":1,"featured_media":0,"parent":0,"menu_order":0,"comment_status":"closed","ping_status":"closed","template":"page-with-title","meta":{"footnotes":""},"class_list":["post-34","page","type-page","status-publish","hentry"],"_links":{"self":[{"href":"https:\/\/eaststep.com\/en\/wp-json\/wp\/v2\/pages\/34","targetHints":{"allow":["GET"]}}],"collection":[{"href":"https:\/\/eaststep.com\/en\/wp-json\/wp\/v2\/pages"}],"about":[{"href":"https:\/\/eaststep.com\/en\/wp-json\/wp\/v2\/types\/page"}],"author":[{"embeddable":true,"href":"https:\/\/eaststep.com\/en\/wp-json\/wp\/v2\/users\/1"}],"replies":[{"embeddable":true,"href":"https:\/\/eaststep.com\/en\/wp-json\/wp\/v2\/comments?post=34"}],"version-history":[{"count":15,"href":"https:\/\/eaststep.com\/en\/wp-json\/wp\/v2\/pages\/34\/revisions"}],"predecessor-version":[{"id":1257,"href":"https:\/\/eaststep.com\/en\/wp-json\/wp\/v2\/pages\/34\/revisions\/1257"}],"wp:attachment":[{"href":"https:\/\/eaststep.com\/en\/wp-json\/wp\/v2\/media?parent=34"}],"curies":[{"name":"wp","href":"https:\/\/api.w.org\/{rel}","templated":true}]}}