{"id":30,"date":"2026-03-08T16:52:35","date_gmt":"2026-03-08T16:52:35","guid":{"rendered":"https:\/\/eaststep.com\/dienstleistungen\/"},"modified":"2026-03-08T18:26:29","modified_gmt":"2026-03-08T18:26:29","slug":"dienstleistungen","status":"publish","type":"page","link":"https:\/\/eaststep.com\/en\/dienstleistungen\/","title":{"rendered":"Dienstleistungen"},"content":{"rendered":"<div class=\"wp-block-group alignfull is-style-ext-preset--group--natural-1--section has-background-background-color has-background has-global-padding is-layout-constrained wp-container-core-group-is-layout-e955bbaf wp-block-group-is-layout-constrained\" id=\"services\" style=\"margin-top:0;margin-bottom:0;padding-top:var(--wp--preset--spacing--70);padding-bottom:var(--wp--preset--spacing--70)\">\n<div class=\"wp-block-group alignwide ext-is-logical-start has-global-padding is-content-justification-left is-layout-constrained wp-container-core-group-is-layout-6729bdbe wp-block-group-is-layout-constrained\">\n<h2 class=\"wp-block-heading ext-animate--on\">Informationssicherheit f\u00fcr nachhaltigen Schutz<\/h2>\n\n\n\n<p class=\"has-text-align-left ext-animate--on\">Entdecken Sie unser breites Spektrum an Beratungsleistungen, die h\u00f6chste Standards und Ihre Zufriedenheit garantieren.<\/p>\n<\/div>\n\n\n\n<div class=\"wp-block-columns alignwide is-layout-flex wp-container-core-columns-is-layout-08c01c1c wp-block-columns-is-layout-flex\">\n<div class=\"wp-block-column ext-animate--on is-layout-flow wp-block-column-is-layout-flow\">\n<div class=\"wp-block-group is-style-ext-preset--group--natural-1--item-card-1--align-start has-global-padding is-layout-constrained wp-block-group-is-layout-constrained is-style-ext-preset--group--natural-1--item-card-1--align-start--2\">\n<figure class=\"wp-block-image\"><img loading=\"lazy\" decoding=\"async\" width=\"1440\" height=\"960\" class=\"wp-image-54\" src=\"https:\/\/eaststep.com\/wp-content\/uploads\/2026\/03\/53246897d29ca0ef4cb97d2e64c22ed668b73248.jpg\" alt=\"\" style=\"aspect-ratio:4\/3;object-fit:cover\" srcset=\"https:\/\/eaststep.com\/wp-content\/uploads\/2026\/03\/53246897d29ca0ef4cb97d2e64c22ed668b73248.jpg 1440w, https:\/\/eaststep.com\/wp-content\/uploads\/2026\/03\/53246897d29ca0ef4cb97d2e64c22ed668b73248-300x200.jpg 300w, https:\/\/eaststep.com\/wp-content\/uploads\/2026\/03\/53246897d29ca0ef4cb97d2e64c22ed668b73248-1024x683.jpg 1024w, https:\/\/eaststep.com\/wp-content\/uploads\/2026\/03\/53246897d29ca0ef4cb97d2e64c22ed668b73248-768x512.jpg 768w, https:\/\/eaststep.com\/wp-content\/uploads\/2026\/03\/53246897d29ca0ef4cb97d2e64c22ed668b73248-18x12.jpg 18w\" sizes=\"auto, (max-width: 1440px) 100vw, 1440px\" \/><\/figure>\n\n\n\n<div class=\"wp-block-group is-style-default has-global-padding is-layout-constrained wp-block-group-is-layout-constrained\">\n<h3 class=\"wp-block-heading\">Governance Beratung<\/h3>\n\n\n\n<p>Unsere Governance-Beratung ist exakt auf Ihre Unternehmensbed\u00fcrfnisse zugeschnitten.<\/p>\n<\/div>\n<\/div>\n<\/div>\n\n\n\n<div class=\"wp-block-column ext-animate--on is-layout-flow wp-block-column-is-layout-flow\">\n<div class=\"wp-block-group is-style-ext-preset--group--natural-1--item-card-1--align-start has-global-padding is-layout-constrained wp-block-group-is-layout-constrained is-style-ext-preset--group--natural-1--item-card-1--align-start--3\">\n<figure class=\"wp-block-image\"><img loading=\"lazy\" decoding=\"async\" width=\"1440\" height=\"960\" class=\"wp-image-55\" src=\"https:\/\/eaststep.com\/wp-content\/uploads\/2026\/03\/88cf093a5b109ac35e317ced0d186ee34729e5a4.jpg\" alt=\"\" style=\"aspect-ratio:4\/3;object-fit:cover\" srcset=\"https:\/\/eaststep.com\/wp-content\/uploads\/2026\/03\/88cf093a5b109ac35e317ced0d186ee34729e5a4.jpg 1440w, https:\/\/eaststep.com\/wp-content\/uploads\/2026\/03\/88cf093a5b109ac35e317ced0d186ee34729e5a4-300x200.jpg 300w, https:\/\/eaststep.com\/wp-content\/uploads\/2026\/03\/88cf093a5b109ac35e317ced0d186ee34729e5a4-1024x683.jpg 1024w, https:\/\/eaststep.com\/wp-content\/uploads\/2026\/03\/88cf093a5b109ac35e317ced0d186ee34729e5a4-768x512.jpg 768w, https:\/\/eaststep.com\/wp-content\/uploads\/2026\/03\/88cf093a5b109ac35e317ced0d186ee34729e5a4-18x12.jpg 18w\" sizes=\"auto, (max-width: 1440px) 100vw, 1440px\" \/><\/figure>\n\n\n\n<div class=\"wp-block-group is-style-default has-global-padding is-layout-constrained wp-block-group-is-layout-constrained\">\n<h3 class=\"wp-block-heading\">Risikoanalyse<\/h3>\n\n\n\n<p>Wir liefern individuelle Risikoanalysen f\u00fcr fundierte und pr\u00e4zise Entscheidungen.<\/p>\n<\/div>\n<\/div>\n<\/div>\n\n\n\n<div class=\"wp-block-column ext-animate--on is-layout-flow wp-block-column-is-layout-flow\">\n<div class=\"wp-block-group is-style-ext-preset--group--natural-1--item-card-1--align-start has-global-padding is-layout-constrained wp-block-group-is-layout-constrained is-style-ext-preset--group--natural-1--item-card-1--align-start--4\">\n<figure class=\"wp-block-image\"><img loading=\"lazy\" decoding=\"async\" width=\"1440\" height=\"960\" class=\"wp-image-56\" src=\"https:\/\/eaststep.com\/wp-content\/uploads\/2026\/03\/b478f6c093112fa05d3af2a6bc7a703f7b805d4d.jpg\" alt=\"\" style=\"aspect-ratio:4\/3;object-fit:cover\" srcset=\"https:\/\/eaststep.com\/wp-content\/uploads\/2026\/03\/b478f6c093112fa05d3af2a6bc7a703f7b805d4d.jpg 1440w, https:\/\/eaststep.com\/wp-content\/uploads\/2026\/03\/b478f6c093112fa05d3af2a6bc7a703f7b805d4d-300x200.jpg 300w, https:\/\/eaststep.com\/wp-content\/uploads\/2026\/03\/b478f6c093112fa05d3af2a6bc7a703f7b805d4d-1024x683.jpg 1024w, https:\/\/eaststep.com\/wp-content\/uploads\/2026\/03\/b478f6c093112fa05d3af2a6bc7a703f7b805d4d-768x512.jpg 768w, https:\/\/eaststep.com\/wp-content\/uploads\/2026\/03\/b478f6c093112fa05d3af2a6bc7a703f7b805d4d-18x12.jpg 18w\" sizes=\"auto, (max-width: 1440px) 100vw, 1440px\" \/><\/figure>\n\n\n\n<div class=\"wp-block-group is-style-default has-global-padding is-layout-constrained wp-block-group-is-layout-constrained\">\n<h3 class=\"wp-block-heading\">Cybersecurity L\u00f6sungen<\/h3>\n\n\n\n<p>Unsere Cybersecurity-Dienstleistungen sichern Ihr Unternehmen zuverl\u00e4ssig gegen Bedrohungen.<\/p>\n<\/div>\n<\/div>\n<\/div>\n<\/div>\n<\/div>\n\n<div class=\"wp-block-group alignfull is-style-ext-preset--group--natural-1--section has-tertiary-background-color has-background has-global-padding is-layout-constrained wp-container-core-group-is-layout-e955bbaf wp-block-group-is-layout-constrained\" id=\"features\" style=\"margin-top:0;margin-bottom:0;padding-top:var(--wp--preset--spacing--70);padding-bottom:var(--wp--preset--spacing--70)\">\n<div class=\"wp-block-group alignwide ext-is-logical-start has-global-padding is-content-justification-left is-layout-constrained wp-container-core-group-is-layout-6729bdbe wp-block-group-is-layout-constrained\">\n<h2 class=\"wp-block-heading ext-animate--on\">Internationale Expertise in Informationssicherheit<\/h2>\n\n\n\n<p class=\"has-text-align-left ext-animate--on\">EastStep bietet ma\u00dfgeschneiderte Beratungen in Informationssicherheit, Governance, Risiko- und Compliance-Management sowie Cybersecurity-L\u00f6sungen, die Ihr Unternehmen nachhaltig sch\u00fctzen.<\/p>\n<\/div>\n\n\n\n<div class=\"wp-block-columns alignwide is-layout-flex wp-container-core-columns-is-layout-87beb0d0 wp-block-columns-is-layout-flex\">\n<div class=\"wp-block-column is-vertically-aligned-stretch ext-animate--on is-layout-flow wp-container-core-column-is-layout-119bc444 wp-block-column-is-layout-flow\">\n<div class=\"wp-block-media-text is-stacked-on-mobile is-image-fill-element is-style-ext-preset--media-text--natural-1--card-1 has-background-background-color has-background is-style-ext-preset--media-text--natural-1--card-1--6\"><figure class=\"wp-block-media-text__media\"><img loading=\"lazy\" decoding=\"async\" width=\"1440\" height=\"960\" class=\"wp-image-57 size-full\" src=\"https:\/\/eaststep.com\/wp-content\/uploads\/2026\/03\/9c628daeec5bdc48cd108ee1ff548696d5d5577d.jpg\" alt=\"\" style=\"object-position:50% 50%\" srcset=\"https:\/\/eaststep.com\/wp-content\/uploads\/2026\/03\/9c628daeec5bdc48cd108ee1ff548696d5d5577d.jpg 1440w, https:\/\/eaststep.com\/wp-content\/uploads\/2026\/03\/9c628daeec5bdc48cd108ee1ff548696d5d5577d-300x200.jpg 300w, https:\/\/eaststep.com\/wp-content\/uploads\/2026\/03\/9c628daeec5bdc48cd108ee1ff548696d5d5577d-1024x683.jpg 1024w, https:\/\/eaststep.com\/wp-content\/uploads\/2026\/03\/9c628daeec5bdc48cd108ee1ff548696d5d5577d-768x512.jpg 768w, https:\/\/eaststep.com\/wp-content\/uploads\/2026\/03\/9c628daeec5bdc48cd108ee1ff548696d5d5577d-18x12.jpg 18w\" sizes=\"auto, (max-width: 1440px) 100vw, 1440px\" \/><\/figure><div class=\"wp-block-media-text__content\">\n<div class=\"wp-block-group is-style-default has-global-padding is-layout-constrained wp-container-core-group-is-layout-9a7b35d3 wp-block-group-is-layout-constrained\" style=\"padding-top:var(--wp--preset--spacing--40);padding-right:var(--wp--preset--spacing--30);padding-bottom:var(--wp--preset--spacing--40);padding-left:var(--wp--preset--spacing--30)\">\n<h3 class=\"wp-block-heading\" style=\"font-size:clamp(15.747px, 0.984rem + ((1vw - 3.2px) * 0.86), 24px);\">Informationssicherheits-Assessment<\/h3>\n\n\n\n<p class=\"has-small-font-size\">Wir analysieren Ihre IT-Infrastruktur umfassend, um Schwachstellen und Risiken zu identifizieren.<\/p>\n<\/div>\n<\/div><\/div>\n<\/div>\n\n\n\n<div class=\"wp-block-column is-vertically-aligned-stretch ext-animate--on is-layout-flow wp-container-core-column-is-layout-119bc444 wp-block-column-is-layout-flow\">\n<div class=\"wp-block-media-text is-stacked-on-mobile is-image-fill-element is-style-ext-preset--media-text--natural-1--card-1 has-background-background-color has-background is-style-ext-preset--media-text--natural-1--card-1--7\"><figure class=\"wp-block-media-text__media\"><img loading=\"lazy\" decoding=\"async\" width=\"1440\" height=\"960\" class=\"wp-image-56 size-full\" src=\"https:\/\/eaststep.com\/wp-content\/uploads\/2026\/03\/b478f6c093112fa05d3af2a6bc7a703f7b805d4d.jpg\" alt=\"\" style=\"object-position:50% 50%\" srcset=\"https:\/\/eaststep.com\/wp-content\/uploads\/2026\/03\/b478f6c093112fa05d3af2a6bc7a703f7b805d4d.jpg 1440w, https:\/\/eaststep.com\/wp-content\/uploads\/2026\/03\/b478f6c093112fa05d3af2a6bc7a703f7b805d4d-300x200.jpg 300w, https:\/\/eaststep.com\/wp-content\/uploads\/2026\/03\/b478f6c093112fa05d3af2a6bc7a703f7b805d4d-1024x683.jpg 1024w, https:\/\/eaststep.com\/wp-content\/uploads\/2026\/03\/b478f6c093112fa05d3af2a6bc7a703f7b805d4d-768x512.jpg 768w, https:\/\/eaststep.com\/wp-content\/uploads\/2026\/03\/b478f6c093112fa05d3af2a6bc7a703f7b805d4d-18x12.jpg 18w\" sizes=\"auto, (max-width: 1440px) 100vw, 1440px\" \/><\/figure><div class=\"wp-block-media-text__content\">\n<div class=\"wp-block-group is-style-default has-global-padding is-layout-constrained wp-container-core-group-is-layout-9a7b35d3 wp-block-group-is-layout-constrained\" style=\"padding-top:var(--wp--preset--spacing--40);padding-right:var(--wp--preset--spacing--30);padding-bottom:var(--wp--preset--spacing--40);padding-left:var(--wp--preset--spacing--30)\">\n<h3 class=\"wp-block-heading\" style=\"font-size:clamp(15.747px, 0.984rem + ((1vw - 3.2px) * 0.86), 24px);\">Compliance-Management<\/h3>\n\n\n\n<p class=\"has-small-font-size\">Wir entwickeln individuelle Strategien zur Einhaltung gesetzlicher und regulatorischer Vorgaben.<\/p>\n<\/div>\n<\/div><\/div>\n<\/div>\n<\/div>\n\n\n\n<div class=\"wp-block-columns alignwide is-layout-flex wp-container-core-columns-is-layout-e12f0bcd wp-block-columns-is-layout-flex\" style=\"margin-top:var(--wp--preset--spacing--30)\">\n<div class=\"wp-block-column ext-animate--on is-layout-flow wp-container-core-column-is-layout-119bc444 wp-block-column-is-layout-flow\">\n<div class=\"wp-block-media-text is-stacked-on-mobile is-image-fill-element is-style-ext-preset--media-text--natural-1--card-1 has-background-background-color has-background is-style-ext-preset--media-text--natural-1--card-1--8\"><figure class=\"wp-block-media-text__media\"><img loading=\"lazy\" decoding=\"async\" width=\"1440\" height=\"961\" class=\"wp-image-45 size-full\" src=\"https:\/\/eaststep.com\/wp-content\/uploads\/2026\/03\/cd64a232146e4faeb8a4f0149ba7034481a106c7.jpg\" alt=\"\" style=\"object-position:50% 50%\" srcset=\"https:\/\/eaststep.com\/wp-content\/uploads\/2026\/03\/cd64a232146e4faeb8a4f0149ba7034481a106c7.jpg 1440w, https:\/\/eaststep.com\/wp-content\/uploads\/2026\/03\/cd64a232146e4faeb8a4f0149ba7034481a106c7-300x200.jpg 300w, https:\/\/eaststep.com\/wp-content\/uploads\/2026\/03\/cd64a232146e4faeb8a4f0149ba7034481a106c7-1024x683.jpg 1024w, https:\/\/eaststep.com\/wp-content\/uploads\/2026\/03\/cd64a232146e4faeb8a4f0149ba7034481a106c7-768x513.jpg 768w, https:\/\/eaststep.com\/wp-content\/uploads\/2026\/03\/cd64a232146e4faeb8a4f0149ba7034481a106c7-18x12.jpg 18w\" sizes=\"auto, (max-width: 1440px) 100vw, 1440px\" \/><\/figure><div class=\"wp-block-media-text__content\">\n<div class=\"wp-block-group is-style-default has-global-padding is-layout-constrained wp-container-core-group-is-layout-9a7b35d3 wp-block-group-is-layout-constrained\" style=\"padding-top:var(--wp--preset--spacing--40);padding-right:var(--wp--preset--spacing--30);padding-bottom:var(--wp--preset--spacing--40);padding-left:var(--wp--preset--spacing--30)\">\n<h3 class=\"wp-block-heading\" style=\"font-size:clamp(15.747px, 0.984rem + ((1vw - 3.2px) * 0.86), 24px);\">Governance-Beratung<\/h3>\n\n\n\n<p class=\"has-small-font-size\">Optimierung der Unternehmensstrukturen zur St\u00e4rkung von Sicherheit und Verantwortlichkeit.<\/p>\n<\/div>\n<\/div><\/div>\n<\/div>\n\n\n\n<div class=\"wp-block-column ext-animate--on is-layout-flow wp-container-core-column-is-layout-119bc444 wp-block-column-is-layout-flow\">\n<div class=\"wp-block-media-text is-stacked-on-mobile is-image-fill-element is-style-ext-preset--media-text--natural-1--card-1 has-background-background-color has-background is-style-ext-preset--media-text--natural-1--card-1--9\"><figure class=\"wp-block-media-text__media\"><img loading=\"lazy\" decoding=\"async\" width=\"1440\" height=\"810\" class=\"wp-image-58 size-full\" src=\"https:\/\/eaststep.com\/wp-content\/uploads\/2026\/03\/dfa12d8bc400c50b899a679050dd8ffb1a15332b.jpg\" alt=\"\" style=\"object-position:50% 50%\" srcset=\"https:\/\/eaststep.com\/wp-content\/uploads\/2026\/03\/dfa12d8bc400c50b899a679050dd8ffb1a15332b.jpg 1440w, https:\/\/eaststep.com\/wp-content\/uploads\/2026\/03\/dfa12d8bc400c50b899a679050dd8ffb1a15332b-300x169.jpg 300w, https:\/\/eaststep.com\/wp-content\/uploads\/2026\/03\/dfa12d8bc400c50b899a679050dd8ffb1a15332b-1024x576.jpg 1024w, https:\/\/eaststep.com\/wp-content\/uploads\/2026\/03\/dfa12d8bc400c50b899a679050dd8ffb1a15332b-768x432.jpg 768w, https:\/\/eaststep.com\/wp-content\/uploads\/2026\/03\/dfa12d8bc400c50b899a679050dd8ffb1a15332b-18x10.jpg 18w\" sizes=\"auto, (max-width: 1440px) 100vw, 1440px\" \/><\/figure><div class=\"wp-block-media-text__content\">\n<div class=\"wp-block-group is-style-default has-global-padding is-layout-constrained wp-container-core-group-is-layout-9a7b35d3 wp-block-group-is-layout-constrained\" style=\"padding-top:var(--wp--preset--spacing--40);padding-right:var(--wp--preset--spacing--30);padding-bottom:var(--wp--preset--spacing--40);padding-left:var(--wp--preset--spacing--30)\">\n<h3 class=\"wp-block-heading\" style=\"font-size:clamp(15.747px, 0.984rem + ((1vw - 3.2px) * 0.86), 24px);\">Cybersecurity-L\u00f6sungen<\/h3>\n\n\n\n<p class=\"has-small-font-size\">Implementierung innovativer Schutzma\u00dfnahmen gegen moderne Cyberbedrohungen.<\/p>\n<\/div>\n<\/div><\/div>\n<\/div>\n<\/div>\n<\/div>\n\n<div class=\"wp-block-group alignfull is-style-ext-preset--group--natural-1--section has-background-background-color has-background has-global-padding is-layout-constrained wp-container-core-group-is-layout-e955bbaf wp-block-group-is-layout-constrained\" style=\"margin-top:0;margin-bottom:0;padding-top:var(--wp--preset--spacing--70);padding-bottom:var(--wp--preset--spacing--70)\">\n<h2 class=\"wp-block-heading has-text-align-center ext-animate--on\">Sichern Sie sich ma\u00dfgeschneiderte Strategien &amp; nachhaltige Sicherheit.<\/h2>\n\n\n\n<p class=\"has-text-align-center ext-animate--on\" style=\"margin-top:1.5rem\">Entdecken Sie, wie EastStep mit Expertise in Sicherheit, Governance und Compliance Ihren Erfolg st\u00e4rkt.<\/p>\n\n\n\n<div class=\"wp-block-columns alignwide is-layout-flex wp-container-core-columns-is-layout-08c01c1c wp-block-columns-is-layout-flex\">\n<div class=\"wp-block-column is-vertically-aligned-stretch ext-animate--on is-layout-flow wp-container-core-column-is-layout-f5bb311e wp-block-column-is-layout-flow\">\n<div class=\"wp-block-group is-style-ext-preset--group--natural-1--item-card-1--align-center has-global-padding is-layout-constrained wp-block-group-is-layout-constrained is-style-ext-preset--group--natural-1--item-card-1--align-center--11\">\n<figure class=\"wp-block-image aligncenter size-large ext-aspect-landscape\"><img loading=\"lazy\" decoding=\"async\" width=\"1440\" height=\"960\" class=\"wp-image-43\" src=\"https:\/\/eaststep.com\/wp-content\/uploads\/2026\/03\/ac47429ee9a94268b1398396d942dd5d5106f06b.jpg\" alt=\"\" style=\"aspect-ratio:4\/3;object-fit:cover\" srcset=\"https:\/\/eaststep.com\/wp-content\/uploads\/2026\/03\/ac47429ee9a94268b1398396d942dd5d5106f06b.jpg 1440w, https:\/\/eaststep.com\/wp-content\/uploads\/2026\/03\/ac47429ee9a94268b1398396d942dd5d5106f06b-300x200.jpg 300w, https:\/\/eaststep.com\/wp-content\/uploads\/2026\/03\/ac47429ee9a94268b1398396d942dd5d5106f06b-1024x683.jpg 1024w, https:\/\/eaststep.com\/wp-content\/uploads\/2026\/03\/ac47429ee9a94268b1398396d942dd5d5106f06b-768x512.jpg 768w, https:\/\/eaststep.com\/wp-content\/uploads\/2026\/03\/ac47429ee9a94268b1398396d942dd5d5106f06b-18x12.jpg 18w\" sizes=\"auto, (max-width: 1440px) 100vw, 1440px\" \/><\/figure>\n\n\n\n<div class=\"wp-block-group is-style-default has-global-padding is-layout-constrained wp-block-group-is-layout-constrained\">\n<h3 class=\"wp-block-heading has-text-align-center\">Informationssicherheitsberatung.<\/h3>\n\n\n\n<p class=\"has-text-align-center\">Wir analysieren Risiken und implementieren ma\u00dfgeschneiderte Sicherheitsl\u00f6sungen, die Ihre Daten sch\u00fctzen und Vertrauen schaffen.<\/p>\n<\/div>\n<\/div>\n<\/div>\n\n\n\n<div class=\"wp-block-column is-vertically-aligned-stretch ext-animate--on is-layout-flow wp-container-core-column-is-layout-f5bb311e wp-block-column-is-layout-flow\">\n<div class=\"wp-block-group is-style-ext-preset--group--natural-1--item-card-1--align-center has-global-padding is-layout-constrained wp-block-group-is-layout-constrained is-style-ext-preset--group--natural-1--item-card-1--align-center--12\">\n<figure class=\"wp-block-image aligncenter size-large ext-aspect-landscape\"><img loading=\"lazy\" decoding=\"async\" width=\"1440\" height=\"960\" class=\"wp-image-56\" src=\"https:\/\/eaststep.com\/wp-content\/uploads\/2026\/03\/b478f6c093112fa05d3af2a6bc7a703f7b805d4d.jpg\" alt=\"\" style=\"aspect-ratio:4\/3;object-fit:cover\" srcset=\"https:\/\/eaststep.com\/wp-content\/uploads\/2026\/03\/b478f6c093112fa05d3af2a6bc7a703f7b805d4d.jpg 1440w, https:\/\/eaststep.com\/wp-content\/uploads\/2026\/03\/b478f6c093112fa05d3af2a6bc7a703f7b805d4d-300x200.jpg 300w, https:\/\/eaststep.com\/wp-content\/uploads\/2026\/03\/b478f6c093112fa05d3af2a6bc7a703f7b805d4d-1024x683.jpg 1024w, https:\/\/eaststep.com\/wp-content\/uploads\/2026\/03\/b478f6c093112fa05d3af2a6bc7a703f7b805d4d-768x512.jpg 768w, https:\/\/eaststep.com\/wp-content\/uploads\/2026\/03\/b478f6c093112fa05d3af2a6bc7a703f7b805d4d-18x12.jpg 18w\" sizes=\"auto, (max-width: 1440px) 100vw, 1440px\" \/><\/figure>\n\n\n\n<div class=\"wp-block-group is-style-default has-global-padding is-layout-constrained wp-block-group-is-layout-constrained\">\n<h3 class=\"wp-block-heading has-text-align-center\">Governance- und Compliance-Services.<\/h3>\n\n\n\n<p class=\"has-text-align-center\">Wir unterst\u00fctzen Sie bei der Einhaltung gesetzlicher Vorgaben und f\u00f6rdern eine transparente Unternehmensf\u00fchrung.<\/p>\n<\/div>\n<\/div>\n<\/div>\n\n\n\n<div class=\"wp-block-column is-vertically-aligned-stretch ext-animate--on is-layout-flow wp-container-core-column-is-layout-f5bb311e wp-block-column-is-layout-flow\">\n<div class=\"wp-block-group is-style-ext-preset--group--natural-1--item-card-1--align-center has-global-padding is-layout-constrained wp-block-group-is-layout-constrained is-style-ext-preset--group--natural-1--item-card-1--align-center--13\">\n<figure class=\"wp-block-image aligncenter size-large ext-aspect-landscape\"><img loading=\"lazy\" decoding=\"async\" width=\"1440\" height=\"960\" class=\"wp-image-57\" src=\"https:\/\/eaststep.com\/wp-content\/uploads\/2026\/03\/9c628daeec5bdc48cd108ee1ff548696d5d5577d.jpg\" alt=\"\" style=\"aspect-ratio:4\/3;object-fit:cover\" srcset=\"https:\/\/eaststep.com\/wp-content\/uploads\/2026\/03\/9c628daeec5bdc48cd108ee1ff548696d5d5577d.jpg 1440w, https:\/\/eaststep.com\/wp-content\/uploads\/2026\/03\/9c628daeec5bdc48cd108ee1ff548696d5d5577d-300x200.jpg 300w, https:\/\/eaststep.com\/wp-content\/uploads\/2026\/03\/9c628daeec5bdc48cd108ee1ff548696d5d5577d-1024x683.jpg 1024w, https:\/\/eaststep.com\/wp-content\/uploads\/2026\/03\/9c628daeec5bdc48cd108ee1ff548696d5d5577d-768x512.jpg 768w, https:\/\/eaststep.com\/wp-content\/uploads\/2026\/03\/9c628daeec5bdc48cd108ee1ff548696d5d5577d-18x12.jpg 18w\" sizes=\"auto, (max-width: 1440px) 100vw, 1440px\" \/><\/figure>\n\n\n\n<div class=\"wp-block-group is-style-default has-global-padding is-layout-constrained wp-block-group-is-layout-constrained\">\n<h3 class=\"wp-block-heading\">Cybersecurity-L\u00f6sungen.<\/h3>\n\n\n\n<p class=\"has-text-align-center\">Unsere ma\u00dfgeschneiderten Schutzma\u00dfnahmen verhindern Cyberangriffe und sichern Ihre digitale Infrastruktur effektiv.<\/p>\n<\/div>\n<\/div>\n<\/div>\n<\/div>\n\n\n\n<div class=\"wp-block-buttons ext-animate--on is-content-justification-center is-layout-flex wp-container-core-buttons-is-layout-a89b3969 wp-block-buttons-is-layout-flex\">\n<div class=\"wp-block-button is-style-ext-preset--button--natural-1--button-1 is-style-ext-preset--button--natural-1--button-1--14\"><a class=\"wp-block-button__link wp-element-button\" href=\"https:\/\/eaststep.com\/en\/kontakt\/\">Mehr erfahren<\/a><\/div>\n<\/div>\n<\/div>","protected":false},"excerpt":{"rendered":"<p>Informationssicherheit f\u00fcr nachhaltigen Schutz Entdecken Sie unser breites Spektrum an Beratungsleistungen, die h\u00f6chste Standards und Ihre Zufriedenheit garantieren. Governance Beratung Unsere Governance-Beratung ist exakt auf Ihre Unternehmensbed\u00fcrfnisse zugeschnitten. Risikoanalyse Wir liefern individuelle Risikoanalysen f\u00fcr fundierte und pr\u00e4zise Entscheidungen. Cybersecurity L\u00f6sungen Unsere Cybersecurity-Dienstleistungen sichern Ihr Unternehmen zuverl\u00e4ssig gegen Bedrohungen. Internationale Expertise in Informationssicherheit EastStep bietet ma\u00dfgeschneiderte [&hellip;]<\/p>\n","protected":false},"author":1,"featured_media":0,"parent":0,"menu_order":0,"comment_status":"closed","ping_status":"closed","template":"page-with-title","meta":{"footnotes":""},"class_list":["post-30","page","type-page","status-publish","hentry"],"_links":{"self":[{"href":"https:\/\/eaststep.com\/en\/wp-json\/wp\/v2\/pages\/30","targetHints":{"allow":["GET"]}}],"collection":[{"href":"https:\/\/eaststep.com\/en\/wp-json\/wp\/v2\/pages"}],"about":[{"href":"https:\/\/eaststep.com\/en\/wp-json\/wp\/v2\/types\/page"}],"author":[{"embeddable":true,"href":"https:\/\/eaststep.com\/en\/wp-json\/wp\/v2\/users\/1"}],"replies":[{"embeddable":true,"href":"https:\/\/eaststep.com\/en\/wp-json\/wp\/v2\/comments?post=30"}],"version-history":[{"count":2,"href":"https:\/\/eaststep.com\/en\/wp-json\/wp\/v2\/pages\/30\/revisions"}],"predecessor-version":[{"id":59,"href":"https:\/\/eaststep.com\/en\/wp-json\/wp\/v2\/pages\/30\/revisions\/59"}],"wp:attachment":[{"href":"https:\/\/eaststep.com\/en\/wp-json\/wp\/v2\/media?parent=30"}],"curies":[{"name":"wp","href":"https:\/\/api.w.org\/{rel}","templated":true}]}}