{"id":26,"date":"2026-03-08T16:52:34","date_gmt":"2026-03-08T16:52:34","guid":{"rendered":"https:\/\/eaststep.com\/ueber\/"},"modified":"2026-04-09T05:01:22","modified_gmt":"2026-04-09T04:01:22","slug":"ueber","status":"publish","type":"page","link":"https:\/\/eaststep.com\/en\/ueber\/","title":{"rendered":"\u00dcber"},"content":{"rendered":"<div class=\"wp-block-group alignfull is-style-ext-preset--group--natural-1--section has-background-background-color has-background has-global-padding is-layout-constrained wp-container-core-group-is-layout-6714b1d7 wp-block-group-is-layout-constrained\" id=\"about\" style=\"margin-top:0;margin-bottom:0;padding-top:var(--wp--preset--spacing--70);padding-bottom:var(--wp--preset--spacing--70)\">\n<h2 class=\"wp-block-heading has-text-align-center ext-animate--on\">Internationale Beratung f\u00fcr Informationssicherheit<\/h2>\n\n\n\n<p class=\"has-text-align-center ext-animate--on\" style=\"margin-top:1.5rem\">EastStep steht f\u00fcr ma\u00dfgeschneiderte L\u00f6sungen in Informationssicherheit, Governance und Compliance. Unsere Vision ist es, Unternehmen weltweit bei der sicheren und regelkonformen Gestaltung ihrer digitalen Zukunft zu unterst\u00fctzen.<\/p>\n\n\n\n<div class=\"wp-block-columns alignwide is-layout-flex wp-container-core-columns-is-layout-28f84493 wp-block-columns-is-layout-flex\">\n<div class=\"wp-block-column ext-animate--on is-layout-flow wp-block-column-is-layout-flow\">\n<figure class=\"wp-block-image is-style-ext-preset-image-natural-1-image-1--content-bottom is-style-ext-preset--image--natural-1--image-1--content-bottom is-style-ext-preset--image--natural-1--image-1--content-bottom--2\"><img loading=\"lazy\" decoding=\"async\" width=\"1440\" height=\"960\" src=\"https:\/\/eaststep.com\/wp-content\/uploads\/2026\/03\/ac47429ee9a94268b1398396d942dd5d5106f06b.jpg\" alt=\"\" class=\"wp-image-43\" style=\"aspect-ratio:3\/4;object-fit:cover\" srcset=\"https:\/\/eaststep.com\/wp-content\/uploads\/2026\/03\/ac47429ee9a94268b1398396d942dd5d5106f06b.jpg 1440w, https:\/\/eaststep.com\/wp-content\/uploads\/2026\/03\/ac47429ee9a94268b1398396d942dd5d5106f06b-300x200.jpg 300w, https:\/\/eaststep.com\/wp-content\/uploads\/2026\/03\/ac47429ee9a94268b1398396d942dd5d5106f06b-1024x683.jpg 1024w, https:\/\/eaststep.com\/wp-content\/uploads\/2026\/03\/ac47429ee9a94268b1398396d942dd5d5106f06b-768x512.jpg 768w, https:\/\/eaststep.com\/wp-content\/uploads\/2026\/03\/ac47429ee9a94268b1398396d942dd5d5106f06b-18x12.jpg 18w\" sizes=\"auto, (max-width: 1440px) 100vw, 1440px\" \/><\/figure>\n<\/div>\n\n\n\n<div class=\"wp-block-column ext-animate--on is-layout-flow wp-block-column-is-layout-flow\">\n<figure class=\"wp-block-image is-style-ext-preset-image-natural-1-image-1--content-bottom is-style-ext-preset--image--natural-1--image-1--content-bottom is-style-ext-preset--image--natural-1--image-1--content-bottom--3\"><img loading=\"lazy\" decoding=\"async\" width=\"1440\" height=\"960\" src=\"https:\/\/eaststep.com\/wp-content\/uploads\/2026\/03\/413aecc3ccb419134a834f5d3d1df47fb43757c8.jpg\" alt=\"\" class=\"wp-image-44\" style=\"aspect-ratio:3\/4;object-fit:cover\" srcset=\"https:\/\/eaststep.com\/wp-content\/uploads\/2026\/03\/413aecc3ccb419134a834f5d3d1df47fb43757c8.jpg 1440w, https:\/\/eaststep.com\/wp-content\/uploads\/2026\/03\/413aecc3ccb419134a834f5d3d1df47fb43757c8-300x200.jpg 300w, https:\/\/eaststep.com\/wp-content\/uploads\/2026\/03\/413aecc3ccb419134a834f5d3d1df47fb43757c8-1024x683.jpg 1024w, https:\/\/eaststep.com\/wp-content\/uploads\/2026\/03\/413aecc3ccb419134a834f5d3d1df47fb43757c8-768x512.jpg 768w, https:\/\/eaststep.com\/wp-content\/uploads\/2026\/03\/413aecc3ccb419134a834f5d3d1df47fb43757c8-18x12.jpg 18w\" sizes=\"auto, (max-width: 1440px) 100vw, 1440px\" \/><\/figure>\n<\/div>\n\n\n\n<div class=\"wp-block-column ext-animate--on is-layout-flow wp-block-column-is-layout-flow\">\n<figure class=\"wp-block-image is-style-ext-preset-image-natural-1-image-1--content-bottom is-style-ext-preset--image--natural-1--image-1--content-bottom is-style-ext-preset--image--natural-1--image-1--content-bottom--4\"><img loading=\"lazy\" decoding=\"async\" width=\"1440\" height=\"961\" src=\"https:\/\/eaststep.com\/wp-content\/uploads\/2026\/03\/cd64a232146e4faeb8a4f0149ba7034481a106c7.jpg\" alt=\"\" class=\"wp-image-45\" style=\"aspect-ratio:3\/4;object-fit:cover\" srcset=\"https:\/\/eaststep.com\/wp-content\/uploads\/2026\/03\/cd64a232146e4faeb8a4f0149ba7034481a106c7.jpg 1440w, https:\/\/eaststep.com\/wp-content\/uploads\/2026\/03\/cd64a232146e4faeb8a4f0149ba7034481a106c7-300x200.jpg 300w, https:\/\/eaststep.com\/wp-content\/uploads\/2026\/03\/cd64a232146e4faeb8a4f0149ba7034481a106c7-1024x683.jpg 1024w, https:\/\/eaststep.com\/wp-content\/uploads\/2026\/03\/cd64a232146e4faeb8a4f0149ba7034481a106c7-768x513.jpg 768w, https:\/\/eaststep.com\/wp-content\/uploads\/2026\/03\/cd64a232146e4faeb8a4f0149ba7034481a106c7-18x12.jpg 18w\" sizes=\"auto, (max-width: 1440px) 100vw, 1440px\" \/><\/figure>\n<\/div>\n<\/div>\n<\/div>\n\n\n\n<div class=\"wp-block-group alignfull is-style-ext-preset--group--natural-1--section has-tertiary-background-color has-background has-global-padding is-layout-constrained wp-container-core-group-is-layout-e955bbaf wp-block-group-is-layout-constrained\" style=\"margin-top:0;margin-bottom:0;padding-top:var(--wp--preset--spacing--70);padding-bottom:var(--wp--preset--spacing--70)\">\n<h2 class=\"wp-block-heading has-text-align-center ext-animate--on\">Sicherheitsstrategien f\u00fcr Ihre digitale Zukunft<\/h2>\n\n\n\n<p class=\"has-text-align-center ext-animate--on\" style=\"margin-top:1.5rem\">Erfahren Sie mehr \u00fcber unsere Erfolge in Informationssicherheit, Governance und Risikomanagement.<\/p>\n\n\n\n<div class=\"wp-block-columns alignwide is-layout-flex wp-container-core-columns-is-layout-08c01c1c wp-block-columns-is-layout-flex\">\n<div class=\"wp-block-column is-vertically-aligned-stretch ext-animate--on is-layout-flow wp-container-core-column-is-layout-f5bb311e wp-block-column-is-layout-flow\">\n<div class=\"wp-block-group is-style-ext-preset--group--natural-1--item-card-1--align-center has-global-padding is-layout-constrained wp-block-group-is-layout-constrained is-style-ext-preset--group--natural-1--item-card-1--align-center--6\">\n<div class=\"wp-block-group is-style-default has-global-padding is-layout-constrained wp-block-group-is-layout-constrained\">\n<h3 class=\"wp-block-heading has-primary-color has-text-color has-link-color has-x-large-font-size wp-elements-8ac6e92fee174930d5047e4a395caf2d\">250<\/h3>\n\n\n\n<h3 class=\"wp-block-heading\">Erfolgreiche Projekte<\/h3>\n\n\n\n<p>Wir haben \u00fcber 250 internationale Sicherheitsprojekte erfolgreich umgesetzt.<\/p>\n<\/div>\n<\/div>\n<\/div>\n\n\n\n<div class=\"wp-block-column is-vertically-aligned-stretch ext-animate--on is-layout-flow wp-container-core-column-is-layout-f5bb311e wp-block-column-is-layout-flow\">\n<div class=\"wp-block-group is-style-ext-preset--group--natural-1--item-card-1--align-center has-global-padding is-layout-constrained wp-block-group-is-layout-constrained is-style-ext-preset--group--natural-1--item-card-1--align-center--7\">\n<div class=\"wp-block-group is-style-default has-global-padding is-layout-constrained wp-block-group-is-layout-constrained\">\n<h3 class=\"wp-block-heading has-primary-color has-text-color has-link-color has-x-large-font-size wp-elements-082b5e795cd3f4cdef07f55c58c5f9e4\">98%<\/h3>\n\n\n\n<h3 class=\"wp-block-heading\">Zufriedene Kunden<\/h3>\n\n\n\n<p>98&nbsp;% unserer Kunden best\u00e4tigen die Wirksamkeit unserer Sicherheitsl\u00f6sungen.<\/p>\n<\/div>\n<\/div>\n<\/div>\n\n\n\n<div class=\"wp-block-column is-vertically-aligned-stretch ext-animate--on is-layout-flow wp-container-core-column-is-layout-f5bb311e wp-block-column-is-layout-flow\">\n<div class=\"wp-block-group is-style-ext-preset--group--natural-1--item-card-1--align-center has-global-padding is-layout-constrained wp-block-group-is-layout-constrained is-style-ext-preset--group--natural-1--item-card-1--align-center--8\">\n<div class=\"wp-block-group is-style-default has-global-padding is-layout-constrained wp-block-group-is-layout-constrained\">\n<h3 class=\"wp-block-heading has-primary-color has-text-color has-link-color has-x-large-font-size wp-elements-77e3d6a5a3d1a41d209b79d4a5ddbd34\">15<\/h3>\n\n\n\n<h3 class=\"wp-block-heading\">Branchenauszeichnungen<\/h3>\n\n\n\n<p>Mehr als 15 Auszeichnungen f\u00fcr herausragende Leistungen in Cybersecurity erhalten.<\/p>\n<\/div>\n<\/div>\n<\/div>\n<\/div>\n<\/div>","protected":false},"excerpt":{"rendered":"<p>Internationale Beratung f\u00fcr Informationssicherheit EastStep steht f\u00fcr ma\u00dfgeschneiderte L\u00f6sungen in Informationssicherheit, Governance und Compliance. Unsere Vision ist es, Unternehmen weltweit bei der sicheren und regelkonformen Gestaltung ihrer digitalen Zukunft zu unterst\u00fctzen. Sicherheitsstrategien f\u00fcr Ihre digitale Zukunft Erfahren Sie mehr \u00fcber unsere Erfolge in Informationssicherheit, Governance und Risikomanagement. 250 Erfolgreiche Projekte Wir haben \u00fcber 250 internationale [&hellip;]<\/p>\n","protected":false},"author":1,"featured_media":0,"parent":0,"menu_order":0,"comment_status":"closed","ping_status":"closed","template":"page-with-title","meta":{"footnotes":""},"class_list":["post-26","page","type-page","status-publish","hentry"],"_links":{"self":[{"href":"https:\/\/eaststep.com\/en\/wp-json\/wp\/v2\/pages\/26","targetHints":{"allow":["GET"]}}],"collection":[{"href":"https:\/\/eaststep.com\/en\/wp-json\/wp\/v2\/pages"}],"about":[{"href":"https:\/\/eaststep.com\/en\/wp-json\/wp\/v2\/types\/page"}],"author":[{"embeddable":true,"href":"https:\/\/eaststep.com\/en\/wp-json\/wp\/v2\/users\/1"}],"replies":[{"embeddable":true,"href":"https:\/\/eaststep.com\/en\/wp-json\/wp\/v2\/comments?post=26"}],"version-history":[{"count":6,"href":"https:\/\/eaststep.com\/en\/wp-json\/wp\/v2\/pages\/26\/revisions"}],"predecessor-version":[{"id":1276,"href":"https:\/\/eaststep.com\/en\/wp-json\/wp\/v2\/pages\/26\/revisions\/1276"}],"wp:attachment":[{"href":"https:\/\/eaststep.com\/en\/wp-json\/wp\/v2\/media?parent=26"}],"curies":[{"name":"wp","href":"https:\/\/api.w.org\/{rel}","templated":true}]}}